{"id":608,"date":"2021-02-15T12:20:48","date_gmt":"2021-02-15T12:20:48","guid":{"rendered":"https:\/\/www.quicksalt.es\/politica-privacidad\/"},"modified":"2023-10-30T16:25:07","modified_gmt":"2023-10-30T16:25:07","slug":"privacy-policy","status":"publish","type":"page","link":"https:\/\/www.quicksalt.es\/en\/privacy-policy\/","title":{"rendered":"Privacy Policy"},"content":{"rendered":"<p>[vc_row][vc_column][vc_column_text el_class=&#8221;padding-responsive-texto&#8221;]<\/p>\r\n<h2>Privacy policy social media<\/h2>\r\n\r\n<p>In compliance with the Organic Law 15\/1999, of December 13th, on the Protection of Personal Data (LOPD) and the Law 34\/2002, of July 11th, on Services of the Information Society and Electronic Commerce (LSSI-CE), BSV ELECTRONIC SL informs users that it has processed on creating a profile in the following Social Media platforms Facebook, LinkedIn and Instagram, with the main purpose of advertising their products and services.<\/p>\r\n\r\n<p>&nbsp;<\/p>\r\n<!-- \/wp:heading -->\r\n<p><!-- wp:paragraph -->BSV ELECTRONIC SL\u2019s information:<\/p>\r\n<p>B08960718<\/p>\r\n<p>C\/ RIBERA DEL CONGOST 40 A, POL. IND. SECTOR V, 08520 LES FRANQUESES DEL VALLES, BARCELONA<\/p>\r\n<p>bsv@bsvelectronic.com<\/p>\r\n<p>www.quicksalt.es<\/p>\r\n<p><!-- wp:paragraph -->The user has a profile in the same Social Network and has decided to join the page created by BSV ELECTRONIC SL, showing interest in the information published in the Network. By joining to our page, you provide us with your consent for the using those personal data published in your profile.<br \/>The user can access at any time the Social Network\u2019s own privacy policy, as well as set up their profile to ensure their privacy.<\/p>\r\n<p>BSV ELECTRONIC SL has access and treats the user\u2019s public information, especially his contact name. That information will only be used within the Social Network. They\u2019re not added to any file.<\/p>\r\n<p>Regarding the access, rectification, cancellation and opposition rights that you have and can be exercised before BSV ELECTRONIC SL, in agreeance with the LOPD, you must take into account the following nuances:<\/p>\r\n<p>Access: It will be defined by the functionality of the Social Network and the ability to access information from user profiles. Rectification: It can only be satisfied in relation to the information that is under BSV ELECTRONIC SL\u2019s control, for example, delete comments posted on the page. Normally, this right will have to be exercised before the Social Network. Cancellation and\/or Opposition: Like the previous case, it can only be satisfied in relation to that information that is under BSV ELECTRONIC SL\u2019s control, for example, no longer being linked to the profile.<\/p>\r\n<p><!-- wp:paragraph -->BSV ELECTRONIC SL realizar\u00e1 las siguientes actuaciones:<br \/>Acceso a la informaci\u00f3n p\u00fablica del perfil. Publicaci\u00f3n en el perfil del usuario de toda aquella informaci\u00f3n ya publicada en la p\u00e1gina de BSV ELECTRONIC SL. Enviar mensajes personales e individuales a trav\u00e9s de los canales de la Red Social. Actualizaciones del estado de la p\u00e1gina que se publicar\u00e1n en el perfil del usuario.<br \/>El usuario siempre puede controlar sus conexiones, eliminar los contenidos que dejen de interesarle y restringir con qui\u00e9n comparte sus conexiones, para ello deber\u00e1 acceder a su configuraci\u00f3n de privacidad.<\/p>\r\n<p>BSV ELECTRONIC SL will carry out the following actions:<br \/>Access the profile\u2019s public information. Publication in the user\u2019s profile of all the information already published on BSV ELECTRONIC SL\u2019s page. Send personal and individual messages through the Social Network\u2019s channels. Updates the page\u2019s state that will be published in the user\u2019s profile.<br \/>The user can always control their connections, delete content that don\u2019t interest them and restrict who they share their connections with, to do this they will have to access their privacy settings.<\/p>\r\n<!-- \/wp:paragraph -->\r\n<p>&nbsp;<\/p>\r\n<!-- wp:heading {\"level\":3} -->\r\n<h3>PUBLICATIONS<\/h3>\r\n<!-- \/wp:heading -->\r\n<p><!-- wp:paragraph -->The user, once linked to BSV ELECTRONIC SL\u2019s page, will be able to publish in comments, links, images, photos or any other type of multimedia content in its page, supported by the Social Network. The user, in all cases, must be the owner of said content, own copyright and intellectual property rights or count with third party consent. Any publication on the page, be it comments, graphics, photos, videos, etc. that attempt or are likely to undermine morality, ethics, good taste or decorum, and\/or infringe, violate intellectual or industrial property rights, right to image or Law is expressly prohibited. In these cases, BSV ELECTRONIC SL reserves the right to immediately remove the content, and may request the user\u2019s permanent blocking.<\/p>\r\n<p>BSV ELECTRONIC SL won\u2019t be responsible for the content that are freely published by the user.<br \/>The user has to have present that their publications will be known by other users, therefore, he himself, will be the main responsible for his own privacy.<\/p>\r\n<p>The images that may be published in the page will not be stored in any file by BSV ELECTRONIC SL, but it will be kept in the Social Network.<\/p>\r\n<!-- \/wp:paragraph -->\r\n<p>&nbsp;<\/p>\r\n<!-- wp:heading {\"level\":3} -->\r\n<h3>CONTESTS AND PROMOTIONS<\/h3>\r\n<!-- \/wp:heading -->\r\n<p><!-- wp:paragraph -->BSV ELECTRONIC SL reserves the right to hold contests and promotions, in which the user joined by their page will be able to participate. The bases for each of them, when the Social Network platform is used for this, will be published on it. Always complying with the LSSI-CE and with any other policy that can be applied.<br \/>The Social Network won\u2019t sponsor, endorse nor administer, in any way, none of our promotions and it\u2019s not associated to any of them.<\/p>\r\n<!-- \/wp:paragraph -->\r\n<p>&nbsp;<\/p>\r\n<!-- wp:heading -->\r\n<h3>ADVERTISING<\/h3>\r\n<!-- \/wp:heading -->\r\n<p><!-- wp:paragraph -->BSV ELECTRONIC SL will use the Social Network to advertise their products and services, in any way, if it decides to process their contact details to carry out direct commercial prospecting actions, it will always be complying with the legal requirements from the LOPD and the LSSI-CE.<br \/>It won\u2019t be considered as advertising the recommendation of BSV ELECTRONIC SL\u2019s page to users in order for them to enjoy promotions or to be informed of their activity.<\/p>\r\n<p>We detail below the link to the privacy policy of each Social Network:<br \/>Instagram: http:\/\/instagram.com\/about\/legal\/privacy\/<br \/>LinkedIn: https:\/\/www.linkedin.com\/legal\/privacy-policy<\/p>\r\n<p>[\/vc_column_text][\/vc_column][\/vc_row]<\/p>","protected":false},"excerpt":{"rendered":"<p>[vc_row][vc_column][vc_column_text el_class=&#8221;padding-responsive-texto&#8221;] Privacy policy social media In compliance with the Organic Law 15\/1999, of December [&hellip;]<\/p>\n","protected":false},"author":1,"featured_media":0,"parent":0,"menu_order":0,"comment_status":"closed","ping_status":"closed","template":"","meta":[],"yoast_head":"<!-- This site is optimized with the Yoast SEO plugin v15.8 - https:\/\/yoast.com\/wordpress\/plugins\/seo\/ -->\n<title>Privacy Policy - Quicksalt<\/title>\n<meta name=\"description\" content=\"Find out how we protect your data at Quicksalt e-360. Read our Privacy Policy to keep your information safe.\" \/>\n<meta name=\"robots\" content=\"index, follow, max-snippet:-1, max-image-preview:large, max-video-preview:-1\" \/>\n<link rel=\"canonical\" href=\"https:\/\/www.quicksalt.es\/en\/privacy-policy\/\" \/>\n<meta property=\"og:locale\" content=\"en_US\" \/>\n<meta property=\"og:type\" content=\"article\" \/>\n<meta property=\"og:title\" content=\"Privacy Policy - Quicksalt\" \/>\n<meta property=\"og:description\" content=\"Find out how we protect your data at Quicksalt e-360. Read our Privacy Policy to keep your information safe.\" \/>\n<meta property=\"og:url\" content=\"https:\/\/www.quicksalt.es\/en\/privacy-policy\/\" \/>\n<meta property=\"og:site_name\" content=\"Quicksalt\" \/>\n<meta property=\"article:modified_time\" content=\"2023-10-30T16:25:07+00:00\" \/>\n<meta name=\"twitter:card\" content=\"summary_large_image\" \/>\n<meta name=\"twitter:label1\" content=\"Est. reading time\">\n\t<meta name=\"twitter:data1\" content=\"5 minutes\">\n<script type=\"application\/ld+json\" class=\"yoast-schema-graph\">{\"@context\":\"https:\/\/schema.org\",\"@graph\":[{\"@type\":\"WebSite\",\"@id\":\"https:\/\/www.quicksalt.es\/#website\",\"url\":\"https:\/\/www.quicksalt.es\/\",\"name\":\"Quicksalt\",\"description\":\"\",\"potentialAction\":[{\"@type\":\"SearchAction\",\"target\":\"https:\/\/www.quicksalt.es\/?s={search_term_string}\",\"query-input\":\"required name=search_term_string\"}],\"inLanguage\":\"en-US\"},{\"@type\":\"WebPage\",\"@id\":\"https:\/\/www.quicksalt.es\/en\/privacy-policy\/#webpage\",\"url\":\"https:\/\/www.quicksalt.es\/en\/privacy-policy\/\",\"name\":\"Privacy Policy - Quicksalt\",\"isPartOf\":{\"@id\":\"https:\/\/www.quicksalt.es\/#website\"},\"datePublished\":\"2021-02-15T12:20:48+00:00\",\"dateModified\":\"2023-10-30T16:25:07+00:00\",\"description\":\"Find out how we protect your data at Quicksalt e-360. Read our Privacy Policy to keep your information safe.\",\"breadcrumb\":{\"@id\":\"https:\/\/www.quicksalt.es\/en\/privacy-policy\/#breadcrumb\"},\"inLanguage\":\"en-US\",\"potentialAction\":[{\"@type\":\"ReadAction\",\"target\":[\"https:\/\/www.quicksalt.es\/en\/privacy-policy\/\"]}]},{\"@type\":\"BreadcrumbList\",\"@id\":\"https:\/\/www.quicksalt.es\/en\/privacy-policy\/#breadcrumb\",\"itemListElement\":[{\"@type\":\"ListItem\",\"position\":1,\"item\":{\"@type\":\"WebPage\",\"@id\":\"https:\/\/www.quicksalt.es\/en\/\",\"url\":\"https:\/\/www.quicksalt.es\/en\/\",\"name\":\"Portada\"}},{\"@type\":\"ListItem\",\"position\":2,\"item\":{\"@type\":\"WebPage\",\"@id\":\"https:\/\/www.quicksalt.es\/en\/privacy-policy\/\",\"url\":\"https:\/\/www.quicksalt.es\/en\/privacy-policy\/\",\"name\":\"Privacy Policy\"}}]}]}<\/script>\n<!-- \/ Yoast SEO plugin. -->","_links":{"self":[{"href":"https:\/\/www.quicksalt.es\/en\/wp-json\/wp\/v2\/pages\/608"}],"collection":[{"href":"https:\/\/www.quicksalt.es\/en\/wp-json\/wp\/v2\/pages"}],"about":[{"href":"https:\/\/www.quicksalt.es\/en\/wp-json\/wp\/v2\/types\/page"}],"author":[{"embeddable":true,"href":"https:\/\/www.quicksalt.es\/en\/wp-json\/wp\/v2\/users\/1"}],"replies":[{"embeddable":true,"href":"https:\/\/www.quicksalt.es\/en\/wp-json\/wp\/v2\/comments?post=608"}],"version-history":[{"count":2,"href":"https:\/\/www.quicksalt.es\/en\/wp-json\/wp\/v2\/pages\/608\/revisions"}],"predecessor-version":[{"id":637,"href":"https:\/\/www.quicksalt.es\/en\/wp-json\/wp\/v2\/pages\/608\/revisions\/637"}],"wp:attachment":[{"href":"https:\/\/www.quicksalt.es\/en\/wp-json\/wp\/v2\/media?parent=608"}],"curies":[{"name":"wp","href":"https:\/\/api.w.org\/{rel}","templated":true}]}}